{"id":904,"date":"2024-06-28T18:32:36","date_gmt":"2024-06-28T15:32:36","guid":{"rendered":"https:\/\/zaintrade.com.tr\/consultancy\/"},"modified":"2024-07-08T14:10:20","modified_gmt":"2024-07-08T11:10:20","slug":"consultancy","status":"publish","type":"page","link":"https:\/\/zaintrade.com.tr\/en\/consultancy\/","title":{"rendered":"Consultancy"},"content":{"rendered":"\t\t<div data-elementor-type=\"wp-page\" data-elementor-id=\"904\" class=\"elementor elementor-904 elementor-816\" data-elementor-post-type=\"page\">\n\t\t\t\t<div class=\"elementor-element elementor-element-58d4b90c e-flex e-con-boxed e-con e-parent\" data-id=\"58d4b90c\" data-element_type=\"container\" data-settings=\"{&quot;background_background&quot;:&quot;classic&quot;}\">\n\t\t\t\t\t<div class=\"e-con-inner\">\n\t\t\t\t<div class=\"elementor-element elementor-element-736d6863 elementor-widget elementor-widget-heading\" data-id=\"736d6863\" data-element_type=\"widget\" data-widget_type=\"heading.default\">\n\t\t\t\t<div class=\"elementor-widget-container\">\n\t\t\t<style>\/*! elementor - v3.23.0 - 15-07-2024 *\/\n.elementor-heading-title{padding:0;margin:0;line-height:1}.elementor-widget-heading .elementor-heading-title[class*=elementor-size-]>a{color:inherit;font-size:inherit;line-height:inherit}.elementor-widget-heading .elementor-heading-title.elementor-size-small{font-size:15px}.elementor-widget-heading .elementor-heading-title.elementor-size-medium{font-size:19px}.elementor-widget-heading .elementor-heading-title.elementor-size-large{font-size:29px}.elementor-widget-heading .elementor-heading-title.elementor-size-xl{font-size:39px}.elementor-widget-heading .elementor-heading-title.elementor-size-xxl{font-size:59px}<\/style><h2 class=\"elementor-heading-title elementor-size-default\">Consultancy<\/h2>\t\t<\/div>\n\t\t\t\t<\/div>\n\t\t\t\t<div class=\"elementor-element elementor-element-7a3e23b7 elementor-widget elementor-widget-woocommerce-breadcrumb\" data-id=\"7a3e23b7\" data-element_type=\"widget\" data-widget_type=\"woocommerce-breadcrumb.default\">\n\t\t\t\t<div class=\"elementor-widget-container\">\n\t\t\t<link rel=\"stylesheet\" href=\"https:\/\/zaintrade.com.tr\/wp-content\/plugins\/pro-elements\/assets\/css\/widget-woocommerce.min.css\"><nav class=\"woocommerce-breadcrumb\" aria-label=\"Breadcrumb\">Home<\/nav>\t\t<\/div>\n\t\t\t\t<\/div>\n\t\t\t\t\t<\/div>\n\t\t\t\t<\/div>\n\t\t<div class=\"elementor-element elementor-element-7ec7a042 e-flex e-con-boxed e-con e-parent\" data-id=\"7ec7a042\" data-element_type=\"container\">\n\t\t\t\t\t<div class=\"e-con-inner\">\n\t\t<div class=\"elementor-element elementor-element-1b6c589b e-con-full e-flex e-con e-child\" data-id=\"1b6c589b\" data-element_type=\"container\">\n\t\t\t\t<div class=\"elementor-element elementor-element-34e70724 elementor-widget elementor-widget-image\" data-id=\"34e70724\" data-element_type=\"widget\" data-widget_type=\"image.default\">\n\t\t\t\t<div class=\"elementor-widget-container\">\n\t\t\t<style>\/*! elementor - v3.23.0 - 15-07-2024 *\/\n.elementor-widget-image{text-align:center}.elementor-widget-image a{display:inline-block}.elementor-widget-image a img[src$=\".svg\"]{width:48px}.elementor-widget-image img{vertical-align:middle;display:inline-block}<\/style>\t\t\t\t\t\t\t\t\t\t<img fetchpriority=\"high\" decoding=\"async\" width=\"640\" height=\"330\" src=\"https:\/\/zaintrade.com.tr\/wp-content\/uploads\/2024\/07\/business-planning-colleagues-sitting-at-table-wit-2023-11-27-05-06-12-utc.jpg\" class=\"attachment-large size-large wp-image-947\" alt=\"\" srcset=\"https:\/\/zaintrade.com.tr\/wp-content\/uploads\/2024\/07\/business-planning-colleagues-sitting-at-table-wit-2023-11-27-05-06-12-utc.jpg 640w, https:\/\/zaintrade.com.tr\/wp-content\/uploads\/2024\/07\/business-planning-colleagues-sitting-at-table-wit-2023-11-27-05-06-12-utc-300x155.jpg 300w, https:\/\/zaintrade.com.tr\/wp-content\/uploads\/2024\/07\/business-planning-colleagues-sitting-at-table-wit-2023-11-27-05-06-12-utc-600x309.jpg 600w\" sizes=\"(max-width: 640px) 100vw, 640px\" \/>\t\t\t\t\t\t\t\t\t\t\t\t\t<\/div>\n\t\t\t\t<\/div>\n\t\t\t\t<div class=\"elementor-element elementor-element-dc2a095 elementor-widget elementor-widget-heading\" data-id=\"dc2a095\" data-element_type=\"widget\" data-widget_type=\"heading.default\">\n\t\t\t\t<div class=\"elementor-widget-container\">\n\t\t\t<h2 class=\"elementor-heading-title elementor-size-default\">Consultancy<\/h2>\t\t<\/div>\n\t\t\t\t<\/div>\n\t\t\t\t<div class=\"elementor-element elementor-element-bde2e16 elementor-widget elementor-widget-text-editor\" data-id=\"bde2e16\" data-element_type=\"widget\" data-widget_type=\"text-editor.default\">\n\t\t\t\t<div class=\"elementor-widget-container\">\n\t\t\t<style>\/*! elementor - v3.23.0 - 15-07-2024 *\/\n.elementor-widget-text-editor.elementor-drop-cap-view-stacked .elementor-drop-cap{background-color:#69727d;color:#fff}.elementor-widget-text-editor.elementor-drop-cap-view-framed .elementor-drop-cap{color:#69727d;border:3px solid;background-color:transparent}.elementor-widget-text-editor:not(.elementor-drop-cap-view-default) .elementor-drop-cap{margin-top:8px}.elementor-widget-text-editor:not(.elementor-drop-cap-view-default) .elementor-drop-cap-letter{width:1em;height:1em}.elementor-widget-text-editor .elementor-drop-cap{float:left;text-align:center;line-height:1;font-size:50px}.elementor-widget-text-editor .elementor-drop-cap-letter{display:inline-block}<\/style>\t\t\t\t<p>As ZA\u0130N \u0130THLAT VE \u0130HRACAT T\u0130CARET L\u0130M\u0130TED \u015e\u0130RKET\u0130 we also offer &#8216;Foreign Trade Consultancy&#8217; service, which aims to provide more detailed information about sectors we are offering the activities. With our Foreign Trade Consultancy services, we produce solutions for our customers to be successful by producing effective and efficient policies in the domestic and international markets. We are providing the following services to foreign capital companies that want to enter the Turkish market and to all our customers who aim to increase production and export volume, create and protect their corporate identities in the international market:<\/p>\n<ul>\n<li>Domestic and international market research;<\/li>\n<li>Creating a potential customer line and conducting necessary negotiations with them;<\/li>\n<li>Organizing and managing of Import or Export processes;<\/li>\n<li>Preparation of legal documents, monitoring progress of customs procedures;<\/li>\n<li>Domestic or international transportation organization and tracking.<\/li>\n<\/ul>\n<p>We are offering all of our services in 3 different languages including <strong>Turkish<\/strong>, <strong>English <\/strong> and <strong>Russian <\/strong> as per your needs.<span class=\"Apple-converted-space\"> <\/span><\/p>\n\t\t\t\t\t\t<\/div>\n\t\t\t\t<\/div>\n\t\t\t\t<\/div>\n\t\t\t\t\t<\/div>\n\t\t\t\t<\/div>\n\t\t\t\t<\/div>\n\t\t","protected":false},"excerpt":{"rendered":"<p>As ZA\u0130N \u0130THLAT VE \u0130HRACAT T\u0130CARET L\u0130M\u0130TED \u015e\u0130RKET\u0130 we also offer &#8216;Foreign Trade Consultancy&#8217; service, which aims to provide more detailed information about sectors we are offering the activities. With our Foreign Trade Consultancy services, we produce solutions for our customers to be successful by producing effective and efficient policies in the domestic and international [&hellip;]<\/p>\n","protected":false},"author":1,"featured_media":0,"parent":0,"menu_order":0,"comment_status":"closed","ping_status":"closed","template":"elementor_header_footer","meta":{"footnotes":""},"class_list":["post-904","page","type-page","status-publish","hentry"],"_links":{"self":[{"href":"https:\/\/zaintrade.com.tr\/en\/wp-json\/wp\/v2\/pages\/904","targetHints":{"allow":["GET"]}}],"collection":[{"href":"https:\/\/zaintrade.com.tr\/en\/wp-json\/wp\/v2\/pages"}],"about":[{"href":"https:\/\/zaintrade.com.tr\/en\/wp-json\/wp\/v2\/types\/page"}],"author":[{"embeddable":true,"href":"https:\/\/zaintrade.com.tr\/en\/wp-json\/wp\/v2\/users\/1"}],"replies":[{"embeddable":true,"href":"https:\/\/zaintrade.com.tr\/en\/wp-json\/wp\/v2\/comments?post=904"}],"version-history":[{"count":0,"href":"https:\/\/zaintrade.com.tr\/en\/wp-json\/wp\/v2\/pages\/904\/revisions"}],"wp:attachment":[{"href":"https:\/\/zaintrade.com.tr\/en\/wp-json\/wp\/v2\/media?parent=904"}],"curies":[{"name":"wp","href":"https:\/\/api.w.org\/{rel}","templated":true}]}}