{"id":914,"date":"2024-06-28T18:03:48","date_gmt":"2024-06-28T15:03:48","guid":{"rendered":"https:\/\/zaintrade.com.tr\/product-supply\/"},"modified":"2024-07-08T16:00:35","modified_gmt":"2024-07-08T13:00:35","slug":"product-supply","status":"publish","type":"page","link":"https:\/\/zaintrade.com.tr\/en\/product-supply\/","title":{"rendered":"Product Supply"},"content":{"rendered":"\t\t<div data-elementor-type=\"wp-page\" data-elementor-id=\"914\" class=\"elementor elementor-914 elementor-771\" data-elementor-post-type=\"page\">\n\t\t\t\t<div class=\"elementor-element elementor-element-25c578f8 e-flex e-con-boxed e-con e-parent\" data-id=\"25c578f8\" data-element_type=\"container\" data-settings=\"{&quot;background_background&quot;:&quot;classic&quot;}\">\n\t\t\t\t\t<div class=\"e-con-inner\">\n\t\t\t\t<div class=\"elementor-element elementor-element-d49c868 elementor-widget elementor-widget-heading\" data-id=\"d49c868\" data-element_type=\"widget\" data-widget_type=\"heading.default\">\n\t\t\t\t<div class=\"elementor-widget-container\">\n\t\t\t<style>\/*! elementor - v3.23.0 - 15-07-2024 *\/\n.elementor-heading-title{padding:0;margin:0;line-height:1}.elementor-widget-heading .elementor-heading-title[class*=elementor-size-]>a{color:inherit;font-size:inherit;line-height:inherit}.elementor-widget-heading .elementor-heading-title.elementor-size-small{font-size:15px}.elementor-widget-heading .elementor-heading-title.elementor-size-medium{font-size:19px}.elementor-widget-heading .elementor-heading-title.elementor-size-large{font-size:29px}.elementor-widget-heading .elementor-heading-title.elementor-size-xl{font-size:39px}.elementor-widget-heading .elementor-heading-title.elementor-size-xxl{font-size:59px}<\/style><h2 class=\"elementor-heading-title elementor-size-default\">Product Supply<\/h2>\t\t<\/div>\n\t\t\t\t<\/div>\n\t\t\t\t<div class=\"elementor-element elementor-element-638575f9 elementor-widget elementor-widget-woocommerce-breadcrumb\" data-id=\"638575f9\" data-element_type=\"widget\" data-widget_type=\"woocommerce-breadcrumb.default\">\n\t\t\t\t<div class=\"elementor-widget-container\">\n\t\t\t<link rel=\"stylesheet\" href=\"https:\/\/zaintrade.com.tr\/wp-content\/plugins\/pro-elements\/assets\/css\/widget-woocommerce.min.css\"><nav class=\"woocommerce-breadcrumb\" aria-label=\"Breadcrumb\">Home<\/nav>\t\t<\/div>\n\t\t\t\t<\/div>\n\t\t\t\t\t<\/div>\n\t\t\t\t<\/div>\n\t\t<div class=\"elementor-element elementor-element-24a85899 e-con-full e-flex e-con e-parent\" data-id=\"24a85899\" data-element_type=\"container\">\n\t\t<div class=\"elementor-element elementor-element-179c4d26 e-con-full e-flex e-con e-child\" data-id=\"179c4d26\" data-element_type=\"container\">\n\t\t\t\t<div class=\"elementor-element elementor-element-2900fdc9 elementor-widget elementor-widget-image\" data-id=\"2900fdc9\" data-element_type=\"widget\" data-widget_type=\"image.default\">\n\t\t\t\t<div class=\"elementor-widget-container\">\n\t\t\t<style>\/*! elementor - v3.23.0 - 15-07-2024 *\/\n.elementor-widget-image{text-align:center}.elementor-widget-image a{display:inline-block}.elementor-widget-image a img[src$=\".svg\"]{width:48px}.elementor-widget-image img{vertical-align:middle;display:inline-block}<\/style>\t\t\t\t\t\t\t\t\t\t<img fetchpriority=\"high\" decoding=\"async\" width=\"640\" height=\"330\" src=\"https:\/\/zaintrade.com.tr\/wp-content\/uploads\/2024\/06\/red-cargo-container-with-boxes-and-blue-globe-of-p-2023-11-27-05-36-50-utc-2-1.jpg\" class=\"attachment-full size-full wp-image-716\" alt=\"\" srcset=\"https:\/\/zaintrade.com.tr\/wp-content\/uploads\/2024\/06\/red-cargo-container-with-boxes-and-blue-globe-of-p-2023-11-27-05-36-50-utc-2-1.jpg 640w, https:\/\/zaintrade.com.tr\/wp-content\/uploads\/2024\/06\/red-cargo-container-with-boxes-and-blue-globe-of-p-2023-11-27-05-36-50-utc-2-1-300x155.jpg 300w, https:\/\/zaintrade.com.tr\/wp-content\/uploads\/2024\/06\/red-cargo-container-with-boxes-and-blue-globe-of-p-2023-11-27-05-36-50-utc-2-1-600x309.jpg 600w\" sizes=\"(max-width: 640px) 100vw, 640px\" \/>\t\t\t\t\t\t\t\t\t\t\t\t\t<\/div>\n\t\t\t\t<\/div>\n\t\t\t\t<div class=\"elementor-element elementor-element-5cab4aa8 elementor-widget elementor-widget-heading\" data-id=\"5cab4aa8\" data-element_type=\"widget\" data-widget_type=\"heading.default\">\n\t\t\t\t<div class=\"elementor-widget-container\">\n\t\t\t<h2 class=\"elementor-heading-title elementor-size-default\">Product Supply<\/h2>\t\t<\/div>\n\t\t\t\t<\/div>\n\t\t\t\t<div class=\"elementor-element elementor-element-54594434 elementor-widget elementor-widget-text-editor\" data-id=\"54594434\" data-element_type=\"widget\" data-widget_type=\"text-editor.default\">\n\t\t\t\t<div class=\"elementor-widget-container\">\n\t\t\t<style>\/*! elementor - v3.23.0 - 15-07-2024 *\/\n.elementor-widget-text-editor.elementor-drop-cap-view-stacked .elementor-drop-cap{background-color:#69727d;color:#fff}.elementor-widget-text-editor.elementor-drop-cap-view-framed .elementor-drop-cap{color:#69727d;border:3px solid;background-color:transparent}.elementor-widget-text-editor:not(.elementor-drop-cap-view-default) .elementor-drop-cap{margin-top:8px}.elementor-widget-text-editor:not(.elementor-drop-cap-view-default) .elementor-drop-cap-letter{width:1em;height:1em}.elementor-widget-text-editor .elementor-drop-cap{float:left;text-align:center;line-height:1;font-size:50px}.elementor-widget-text-editor .elementor-drop-cap-letter{display:inline-block}<\/style>\t\t\t\t<p>ZAIN \u0130THALAT VE \u0130HRACAT T\u0130\u00c7. LTD company is ready to becoe your reliable business partner in your projects with its young, dynamic and experienced team.<\/p>\n<p>Our company offers creative solutions to its customers in all their projects, both with in-house products and the globel products supplied by reliable manufacturers and international supply network.<\/p>\n<p>Our priority is to determine the expectations and needs of our customers in the most accurate way and to supply the desired product in the required quality and price range. In this process, with the help of our knowledge and experience in domestic and foreign markets, our wide supply network and the support of our business partners, we have adopted new approaches in Design, Production and Product Marketing in order to provide service where satisfaction and trust always in priority.<span class=\"Apple-converted-space\">  <\/span>We produce.<\/p>\n<p>Once you share your needs and requests with us, we conduct both domestic and international market research to supply special products for you and offer services in 3 different languages \u200b\u200b(English, Russian and Turkish) based on your demands .<\/p>\n\t\t\t\t\t\t<\/div>\n\t\t\t\t<\/div>\n\t\t\t\t<\/div>\n\t\t\t\t<\/div>\n\t\t\t\t<\/div>\n\t\t","protected":false},"excerpt":{"rendered":"<p>ZAIN \u0130THALAT VE \u0130HRACAT T\u0130\u00c7. LTD company is ready to becoe your reliable business partner in your projects with its young, dynamic and experienced team. Our company offers creative solutions to its customers in all their projects, both with in-house products and the globel products supplied by reliable manufacturers and international supply network. Our priority [&hellip;]<\/p>\n","protected":false},"author":1,"featured_media":0,"parent":0,"menu_order":0,"comment_status":"closed","ping_status":"closed","template":"elementor_header_footer","meta":{"footnotes":""},"class_list":["post-914","page","type-page","status-publish","hentry"],"_links":{"self":[{"href":"https:\/\/zaintrade.com.tr\/en\/wp-json\/wp\/v2\/pages\/914","targetHints":{"allow":["GET"]}}],"collection":[{"href":"https:\/\/zaintrade.com.tr\/en\/wp-json\/wp\/v2\/pages"}],"about":[{"href":"https:\/\/zaintrade.com.tr\/en\/wp-json\/wp\/v2\/types\/page"}],"author":[{"embeddable":true,"href":"https:\/\/zaintrade.com.tr\/en\/wp-json\/wp\/v2\/users\/1"}],"replies":[{"embeddable":true,"href":"https:\/\/zaintrade.com.tr\/en\/wp-json\/wp\/v2\/comments?post=914"}],"version-history":[{"count":0,"href":"https:\/\/zaintrade.com.tr\/en\/wp-json\/wp\/v2\/pages\/914\/revisions"}],"wp:attachment":[{"href":"https:\/\/zaintrade.com.tr\/en\/wp-json\/wp\/v2\/media?parent=914"}],"curies":[{"name":"wp","href":"https:\/\/api.w.org\/{rel}","templated":true}]}}